{"id":18,"date":"2021-08-18T10:53:38","date_gmt":"2021-08-18T10:53:38","guid":{"rendered":"https:\/\/www.istomps.org\/?page_id=18"},"modified":"2022-02-22T10:11:09","modified_gmt":"2022-02-22T10:11:09","slug":"support","status":"publish","type":"page","link":"https:\/\/www.istomps.org\/?page_id=18","title":{"rendered":"Support"},"content":{"rendered":"\n<div class=\"wp-block-columns is-layout-flex wp-container-core-columns-is-layout-9d6595d7 wp-block-columns-is-layout-flex\">\n<div class=\"wp-block-column is-layout-flow wp-block-column-is-layout-flow\">\n<figure class=\"wp-block-image size-full\"><a href=\"https:\/\/www.fwf.ac.at\/de\/\"><img loading=\"lazy\" decoding=\"async\" width=\"532\" height=\"159\" src=\"https:\/\/www.istomps.org\/wp-content\/uploads\/2022\/02\/fwf.png\" alt=\"\" class=\"wp-image-140\" srcset=\"https:\/\/www.istomps.org\/wp-content\/uploads\/2022\/02\/fwf.png 532w, https:\/\/www.istomps.org\/wp-content\/uploads\/2022\/02\/fwf-300x90.png 300w\" sizes=\"auto, (max-width: 532px) 100vw, 532px\" \/><\/a><\/figure>\n<\/div>\n\n\n\n<div class=\"wp-block-column is-layout-flow wp-block-column-is-layout-flow\">\n<p>\u00d6sterreichischer Funds zur F\u00f6rderung der wissenschaftlichen Forschung<\/p>\n<\/div>\n<\/div>\n\n\n\n<div class=\"wp-block-columns is-layout-flex wp-container-core-columns-is-layout-9d6595d7 wp-block-columns-is-layout-flex\">\n<div class=\"wp-block-column is-layout-flow wp-block-column-is-layout-flow\">\n<figure class=\"wp-block-image size-large\"><a href=\"https:\/\/www.univie.ac.at\/\"><img loading=\"lazy\" decoding=\"async\" width=\"1024\" height=\"293\" src=\"https:\/\/www.istomps.org\/wp-content\/uploads\/2022\/02\/uni_wien_logo_blue-1024x293.png\" alt=\"\" class=\"wp-image-141\" srcset=\"https:\/\/www.istomps.org\/wp-content\/uploads\/2022\/02\/uni_wien_logo_blue-1024x293.png 1024w, https:\/\/www.istomps.org\/wp-content\/uploads\/2022\/02\/uni_wien_logo_blue-300x86.png 300w, https:\/\/www.istomps.org\/wp-content\/uploads\/2022\/02\/uni_wien_logo_blue-768x220.png 768w, https:\/\/www.istomps.org\/wp-content\/uploads\/2022\/02\/uni_wien_logo_blue-1536x440.png 1536w, https:\/\/www.istomps.org\/wp-content\/uploads\/2022\/02\/uni_wien_logo_blue-2048x587.png 2048w, https:\/\/www.istomps.org\/wp-content\/uploads\/2022\/02\/uni_wien_logo_blue-1200x344.png 1200w, https:\/\/www.istomps.org\/wp-content\/uploads\/2022\/02\/uni_wien_logo_blue-1980x567.png 1980w\" sizes=\"auto, (max-width: 1024px) 100vw, 1024px\" \/><\/a><\/figure>\n<\/div>\n\n\n\n<div class=\"wp-block-column is-layout-flow wp-block-column-is-layout-flow\">\n<p> <\/p>\n\n\n\n<p>Universit\u00e4t Wien<\/p>\n<\/div>\n<\/div>\n\n\n\n<div class=\"wp-block-columns is-layout-flex wp-container-core-columns-is-layout-9d6595d7 wp-block-columns-is-layout-flex\">\n<div class=\"wp-block-column is-layout-flow wp-block-column-is-layout-flow\">\n<figure class=\"wp-block-image size-full\"><a href=\"https:\/\/www.tuwien.at\/\"><img loading=\"lazy\" decoding=\"async\" width=\"600\" height=\"264\" src=\"https:\/\/www.istomps.org\/wp-content\/uploads\/2022\/02\/tu-wien_logo.png\" alt=\"\" class=\"wp-image-142\" srcset=\"https:\/\/www.istomps.org\/wp-content\/uploads\/2022\/02\/tu-wien_logo.png 600w, https:\/\/www.istomps.org\/wp-content\/uploads\/2022\/02\/tu-wien_logo-300x132.png 300w\" sizes=\"auto, (max-width: 600px) 100vw, 600px\" \/><\/a><\/figure>\n<\/div>\n\n\n\n<div class=\"wp-block-column is-layout-flow wp-block-column-is-layout-flow\">\n<p> <\/p>\n\n\n\n<p>Technische Universit\u00e4t Wien<\/p>\n<\/div>\n<\/div>\n\n\n\n<p><\/p>\n","protected":false},"excerpt":{"rendered":"<p>\u00d6sterreichischer Funds zur F\u00f6rderung der wissenschaftlichen Forschung Universit\u00e4t Wien Technische Universit\u00e4t Wien<\/p>\n","protected":false},"author":2,"featured_media":0,"parent":0,"menu_order":0,"comment_status":"closed","ping_status":"closed","template":"","meta":{"footnotes":""},"class_list":["post-18","page","type-page","status-publish","hentry"],"_links":{"self":[{"href":"https:\/\/www.istomps.org\/index.php?rest_route=\/wp\/v2\/pages\/18","targetHints":{"allow":["GET"]}}],"collection":[{"href":"https:\/\/www.istomps.org\/index.php?rest_route=\/wp\/v2\/pages"}],"about":[{"href":"https:\/\/www.istomps.org\/index.php?rest_route=\/wp\/v2\/types\/page"}],"author":[{"embeddable":true,"href":"https:\/\/www.istomps.org\/index.php?rest_route=\/wp\/v2\/users\/2"}],"replies":[{"embeddable":true,"href":"https:\/\/www.istomps.org\/index.php?rest_route=%2Fwp%2Fv2%2Fcomments&post=18"}],"version-history":[{"count":8,"href":"https:\/\/www.istomps.org\/index.php?rest_route=\/wp\/v2\/pages\/18\/revisions"}],"predecessor-version":[{"id":165,"href":"https:\/\/www.istomps.org\/index.php?rest_route=\/wp\/v2\/pages\/18\/revisions\/165"}],"wp:attachment":[{"href":"https:\/\/www.istomps.org\/index.php?rest_route=%2Fwp%2Fv2%2Fmedia&parent=18"}],"curies":[{"name":"wp","href":"https:\/\/api.w.org\/{rel}","templated":true}]}}