{"id":17,"date":"2021-08-18T10:53:38","date_gmt":"2021-08-18T10:53:38","guid":{"rendered":"https:\/\/www.istomps.org\/?page_id=17"},"modified":"2026-03-17T13:45:45","modified_gmt":"2026-03-17T13:45:45","slug":"publications","status":"publish","type":"page","link":"https:\/\/www.istomps.org\/?page_id=17","title":{"rendered":"Scientific Output"},"content":{"rendered":"\n<h2 class=\"wp-block-heading\">Journal articles, proceedings, and preprints<\/h2>\n\n\n\n<p>15. Hongtao Hu, Sebastian Mai, Peng Peng, Andrius Baltu\u0161ka, Xinhua Xie: <strong>&#8220;Electron Orbital Angular Momentum Polarization in Neutral Atoms&#8221;<\/strong>, <a href=\"https:\/\/doi.org\/10.48550\/arXiv.2507.02499\">https:\/\/doi.org\/10.48550\/arXiv.2507.02499<\/a> (2025).<\/p>\n\n\n\n<p>14. Elizaveta Gangrskaia, Alessandra Bellissimo, Christoph Eisenmenger-Sittner, Thomas\u00a0Schachinger, Hongtao Hu, Andrius Baltu\u0161ka, Audrius Pug\u017elys: <strong>&#8220;Accessing Optical Magnetic Dipole Transitions in Eu<sup>3+<\/sup> ions by Manipulating Light Properties and Sample Morphology&#8221;<\/strong>, In Conference on Lasers and Electro-Optics Europe &amp; European Quantum Electronics Conference (CLEO\/Europe-EQEC (2025). <br><a href=\"https:\/\/dx.doi.og\/10.1109\/CLEO\/Europe-EQEC65582.2025.11110306\">https:\/\/dx.doi.og\/10.1109\/CLEO\/Europe-EQEC65582.2025.11110306<\/a><\/p>\n\n\n\n<p>13. Lorenz Gr\u00fcnewald, Laurens van Dam, Sebastian Mai:<br><strong><strong><strong>&#8220;An Excitation Strategy for the Initial Condition Generation for Surface Hopping Trajectories using Electron-only Dynamics including Explicit Laser Pulses<\/strong><\/strong>&#8220;<\/strong>, <em>J. Chem. Theory Comput.<\/em> 21, 12741\u201312754, (2025). <a href=\"https:\/doi.org\/10.1021\/acs.jctc.5c01390\">https:\/doi.org\/10.1021\/acs.jctc.5c01390<\/a><\/p>\n\n\n\n<p>12. Elizaveta Gangrskaia, Thomas Schachinger, Christoph Eisenmenger-Sittner, Lorenz Gr\u00fcnewald, Sebastian Mai, Andrius Baltu\u0161ka, Audrius Pug\u017elys, Alessandra Bellissimo: <strong>&#8220;<strong>Probing Optical Magnetic Dipole Transitions in Eu\u00b3 using Structured Light and Nanoscale Sample Engineering<\/strong>&#8220;<\/strong>, ACS Photonics 12, 6308\u20136317, (2025).<br><a href=\"https:\/\/dx.doi.org\/10.1021\/acsphotonics.5c01790\">https:\/\/dx.doi.org\/10.1021\/acsphotonics.5c01790<\/a><\/p>\n\n\n\n<p>11. Elizaveta Gangrskaia, Alessandra Bellissimo, Valentina Shumakova, Sarah Pulikottil Alex, Ign\u00e1c Bug\u00e1r, Lorenz Gr\u00fcnewald, Sebastian Mai, Thomas Schachinger, Dariusz Pysz, Ryszard Buczy\u0144ski, Andrius Baltu\u0161ka, and Audrius Pug\u017elys: <strong>&#8220;Spectrally Selective Excitation of Electric Dipole and Magnetic Dipole Transitions in Eu<sup>3+<\/sup>Y<sub>2<\/sub>O<sub>3<\/sub> Nanostructures&#8221;<\/strong>, <a href=\"https:\/\/phaidra.univie.ac.at\/o:2122267\"><em>In<\/em>\u00a0<em>High-Brightness Sources and Light-Driven Interactions Congress<\/em>_paper JTu4A.3, ISBN: 978-1-957171-35-7, https:\/\/phaidra.univie.ac.at\/o:2122267<\/a>, (2024)<\/p>\n\n\n\n<p>10. Elizaveta Gangrskaia, Alessandra Bellissimo, Valentina Shumakova, Sarah Pulikottil Alex, Ign\u00e1c Bug\u00e1r, Lorenz Gr\u00fcnewald, Sebastian Mai, Thomas Schachinger, Dariusz Pysz, Ryszard Buczy\u0144ski, Andrius Baltu\u0161ka, and Audrius Pug\u017elys:<strong> &#8220;Spatially and Spectrally Selective Excitation of Magnetic Dipole Transitions in Eu<sup>3+<\/sup> Doped Yttrium Oxide&#8221;<\/strong>,\u00a0<a href=\"https:\/\/phaidra.univie.ac.at\/o:2122266\"><em>In<\/em>\u00a0<em>CLEO 2024<\/em>_ paper JTu2A.132, ISBN: 978-1-957171-39-5, https:\/\/phaidra.univie.ac.at\/o:2122266<\/a>, (2024)<\/p>\n\n\n\n<p>9. Rodrigo Mart\u00edn-Hern\u00e1ndez, Lorenz Gr\u00fcnewald, Luis S\u00e1nchez-Tejerina, Luis Plaja, Enrique Conejero Jarque, Carlos Hern\u00e1ndez-Garc\u00eda, Sebastian Mai: &#8220;<strong>Optical Magnetic Field Enhancement using Ultrafast Azimuthally Polarized Laser Beams and Tailored Metallic Nanoantennas<\/strong>&#8220;, Photonics Research 12(4), p. 1078-1092, (2024).<br> <a href=\"https:\/\/doi.org\/10.1364\/PRJ.511916\" target=\"_blank\" rel=\"noreferrer noopener\">https:\/\/doi.org\/10.1364\/PRJ.511916<\/a><\/p>\n\n\n\n<p>8. Rodrigo Mart\u00edn-Hern\u00e1ndez, Lorenz Gr\u00fcnewald, Luis S\u00e1nchez-Tejerina, Luis Plaja, Enrique Conejero Jarque, Carlos Hern\u00e1ndez-Garc\u00eda, Sebastian Mai: &#8220;<strong>Optical Magnetic Field Enhancement using Ultrafast Azimuthally Polarized Laser Beams and Tailored Metallic Nanoantennas<\/strong>&#8220;, <a href=\"https:\/\/arxiv.org\/abs\/2401.08726\" target=\"_blank\" rel=\"noreferrer noopener\">arXiv:2401.08726 [physics.optics]<\/a>, (2024)<\/p>\n\n\n\n<p>7. Hongtao Hu, Tobias Fl\u00f6ry, Vinzenz Stummer, Audrius Pugzlys, Markus Zeiler, Xinhua Xie, Alexei Zheltikov, Andrius Baltuska: &#8220;<strong>Hyper Spectral Resolution Stimulated Raman Spectroscopy with Amplified fs Pulse Bursts<\/strong>&#8220;, Light: Science &amp; Applications 13, 61 (2024). <a href=\"https:\/\/doi.org\/10.1038\/s41377-023-01367-0\">https:\/\/doi.org\/10.1038\/s41377-023-01367-0<\/a><\/p>\n\n\n\n<p>6. Rodrigo Mart\u00edn-Hern\u00e1ndez, Hongtao Hu, Andrius Baltuska, Luis Plaja, Carlos Hern\u00e1ndez-Garc\u00eda: &#8220;<strong>Fourier-Limited Attosecond Pulse from High Harmonic Generation Assisted by Ultrafast Magnetic Fields<\/strong>&#8220;, Ultrafast Science 3, Article 0036, (2023). <a href=\"https:\/\/doi.org\/10.34133\/ultrafastscience.0036\">https:\/\/doi.org\/10.34133\/ultrafastscience.0036<\/a><\/p>\n\n\n\n<p>5. Hongtao Hu, Tobias Fl\u00f6ry, Vinzenz Stummer, Audrius Pugzlys, Markus Zeiler, Xinhua Xie, Alexei Zheltikov, Andrius Baltuska: &#8220;<strong>Hyper Spectral Resolution Stimulated Raman Spectroscopy with Amplified fs Pulse Bursts<\/strong>&#8220;, <a href=\"https:\/\/arxiv.org\/abs\/2305.16273\">arXiv:2305.16273 [physics.optics]<\/a> (2023).<\/p>\n\n\n\n<p>4. Elizaveta Gangrskaia, Lujia Zhou, Valentina Shumakova, Alessandra Bellissimo, Hongtao Hu, Edgar Kaksis, Lorenz Gr\u00fcnewald, Sebastian Mai, Andrius Baltu\u0161ka, Audrius Pug\u017elys: &#8220;<strong>Generation of Tunable Narrowband Azimuthally Polarized Pulses for Magnetic Excitation of Eu3+ Ion<\/strong>&#8220;, <a href=\"https:\/\/opg.optica.org\/abstract.cfm?uri=CLEO_Europe-2023-cf_9_2\" target=\"_blank\" rel=\"noopener\"><em>In Conference on Lasers and Electro-Optics\/Europe (CLEO\/Europe 2023) and European Quantum Electronics Conference (EQEC 2023) <\/em> paper cf_9_2, ISBN: 979-8-3503-4599-5<\/a>, <a href=\"https:\/\/phaidra.univie.ac.at\/o:2045542\">https:\/\/phaidra.univie.ac.at\/o:2045542<\/a>, (2023)<\/p>\n\n\n\n<p>3. Lorenz Gr\u00fcnewald, Rodrigo Mart\u00edn-Hern\u00e1ndez, Elizaveta Gangrskaia, Alessandra Bellissimo, Carlos Hern\u00e1ndez-Garc\u00eda, Sebastian Mai: &#8220;<strong>Particle-in-Cell Simulations of Ultrashort Optical Laser Pulses for Magnetic Field Enhancement and Electric Field Suppression<\/strong>&#8220;, <a href=\"https:\/\/opg.optica.org\/abstract.cfm?uri=EQEC-2023-eg_p_2\" target=\"_blank\" rel=\"noreferrer noopener\"><em>In Conference on Lasers and Electro-Optics\/Europe (CLEO\/Europe 2023) and European Quantum Electronics Conference (EQEC 2023)<\/em> paper eg_p_2, ISBN: 979-8-3503-4599-5<\/a>, <a href=\"https:\/\/phaidra.univie.ac.at\/o:2045516\">https:\/\/phaidra.univie.ac.at\/o:2045516<\/a>, (2023)<\/p>\n\n\n\n<p>2. Martin Dorner-Kirchner, Valentina Shumakova, Giulio Coccia, Edgar Kaksis, Bruno E. Schmidt, Vladimir Pervak, Audrius Pugzlys, Andrius Baltu\u0161ka, Markus Kitzler-Zeiler, Paolo Antonio Carpeggiani: \u201c<strong>HHG at the Carbon K-Edge Directly Driven by SRS Red-Shifted Pulses from an Ytterbium Amplifier<\/strong>\u201d, <em>ACS Photonics<\/em> 10<em>,<\/em> 84-91 (2023).<br><a href=\"https:\/\/dx.doi.org\/10.1021\/acsphotonics.2c01021\">https:\/\/dx.doi.org\/10.1021\/acsphotonics.2c01021<\/a><\/p>\n\n\n\n<p>1. Hongtao Hu, Yi Hung, Seyedreza Larimian, Sonia Erattupuzha, Andrius Baltu\u0161ka, Markus Zeiler, Xinhua Xie: \u201c<strong>Laser-induced valence electron excitation in acetylene<\/strong>\u201d, <em>Frontiers in Physics <\/em>10, 1076671 (2022).<br><a href=\"https:\/\/dx.doi.org\/10.3389\/fphy.2022.1076671\">https:\/\/dx.doi.org\/10.3389\/fphy.2022.1076671<\/a><\/p>\n\n\n\n<h2 class=\"wp-block-heading\">Talks<\/h2>\n\n\n\n<p>12. Elizaveta Gangrskaia: <strong>&#8220;Strong Optical Magnetic Pulse Spectroscopy Using Structured Light and Nanoscale Sample Morphology&#8221;<\/strong>, 3rd International Conference on Ultrafast Science and Quantum Sensing (USQS), 26.01.2026-30.01.2026, Hainan (China).<\/p>\n\n\n\n<p>11. Elizaveta Gangrskaia, Alessandra Bellissimo, Thomas Schachinger, Christoph Eisenmenger-Sittner, Lorenz Gr\u00fcnewald, Sebastian Mai, Andrius Baltu\u0161ka, Audrius Pug\u017elys: <strong>&#8220;Generation of Azimuthally and Radially Polarized Pulses for Selective Excitation of Optical Magnetic and Electric Dipole Transitions&#8221;<\/strong>, SFB COMB.AT Symposium (Coherent Optical Metrology Beyond Electric-Dipole-Allowed Transitions), 24.09.2025-26.09.2025, Vienna (Austria).<\/p>\n\n\n\n<p>10. Elizaveta Gangrskaia, Alessandra Bellissimo, Christoph Eisenmenger-Sittner, Thomas Schachinger, Hongtao Hu, Andrius Baltu\u0161ka, Audrius Pug\u017elys: <strong>&#8220;Accessing Optical Magnetic Dipole Transitions\u00a0in Eu<sup>3+<\/sup> ions by Manipulating Light Properties\u00a0and Sample Morphology&#8221;<\/strong>, World of Photonics Congress 2025 \u2013 CLEO\/Europe-EQEC 2025, 23.06.2025-27.06.2025, Munich (Germany).<\/p>\n\n\n\n<p>9. Elizaveta Gangrskaia, Christoph Eisenmenger-Sittner, Thomas Schachinger, Lorenz Gr\u00fcnewald, Sebastian Mai, Andrius Baltu\u0161ka, Audrius Pug\u017elys,\u00a0Alessandra Bellissimo: <strong>&#8220;Accessing Optical Magnetic Dipole Transitions\u00a0in Eu<sup>3+<\/sup> ions by Manipulating Light Properties\u00a0and Sample Morphology&#8221;<\/strong>, \u00d6GV Seminar, 16.06.2025, Vienna (Austria).<\/p>\n\n\n\n<p>8. Hongtao Hu, Matthias Schneller, Vinzenz Stummer, Audrius Pug\u017elys, Markus Zeiler, Xinhua Xie, Aleksei, Zheltikov, Andrius Baltu\u0161ka: <strong>\u201cHyper spectral resolution stimulated Raman spectroscopy with amplified fs pulse bursts\u201d<\/strong>, <a href=\"https:\/\/mp.weixin.qq.com\/s\/YjONVF5LeAhPiITDFDFtHQ\" data-type=\"link\" data-id=\"https:\/\/mp.weixin.qq.com\/s\/YjONVF5LeAhPiITDFDFtHQ\">International Conference on Artificial Intelligence and Information (ICAI2024)<\/a>, 25.10.2024 &#8211; 29.10.2024, Xi\u2019an (China).<\/p>\n\n\n\n<p>7. Elizaveta Gangrskaia, Alessandra Bellissimo, Valentina Shumakova, Sarah Pulikottil Alex, Ign\u00e1c Bug\u00e1r,\u00a0Lorenz\u00a0Gr\u00fcnewald, Sebastian Mai, Thomas Schachinger, Dariusz Pysz, Ryszard Buczy\u0144ski, Andrius Baltu\u0161ka, Audrius Pug\u017elys: <strong>&#8220;Generation of Pulsed Isolated Magnetic Fields for Magneto-Optical Spectroscopy of Eu<sup>3+<\/sup>&#8220;<\/strong>, <a href=\"https:\/\/www.icm2024.org\/\">22nd International Conference on Magnetism<\/a>, 30.06.2024 &#8211; 05.07.2024, Bologna (Italy).<\/p>\n\n\n\n<p>6. Sebastian Mai: &#8220;<strong>Low-cost Simulations of Ultrafast Photoinduced Dynamics of Transition Metal Complexes in the Condensed Phase<\/strong>&#8220;, <a href=\"https:\/\/iccc2024.colostate.edu\/\" data-type=\"link\" data-id=\"https:\/\/iccc2024.colostate.edu\/\">45th International Conference on Coordination Chemistry<\/a>, 27.07.2024 &#8211; 03.08.2024, Fort Collins, CO (USA).<\/p>\n\n\n\n<p>5. Lorenz Gr\u00fcnewald, Sebastian Mai: &#8220;<strong>Optical Absorption Spectroscopy with Isolated Magnetic Fields<\/strong>&#8220;, Group Seminar (Jin Wen), Donghua University, 10.10.2024, Shanghai (China).<\/p>\n\n\n\n<p>4. Rahul Kumar Jingar, Sebastian Mai: &#8220;<strong>Enhancing the accuracy and efficiency of computing the electric and magnetic dipole transitions in Eu<sup>3+<\/sup> ions and complexes<\/strong>&#8220;, Panel A DoSChem 2024 Retreat, 19.02.2024 &#8211; 21.02.2024, Szid\u00f3nia castle (Hungary).<\/p>\n\n\n\n<p>3. Lorenz Gr\u00fcnewald, Rodrigo Mart\u00edn-Hern\u00e1ndez, Elizaveta Gangrskaia, Alessandra Bellissimo, Carlos Hern\u00e1ndez-Garc\u00eda, Sebastian Mai: &#8220;<strong>Particle-In-Cell Simulations for Magneto-Only Optical Spectroscopy<\/strong>&#8220;, <a href=\"https:\/\/doschem.univie.ac.at\/activities\/doschem-symposia\/3rd-doschem-symposium-2023\/\" target=\"_blank\" rel=\"noreferrer noopener\">3rd International DoSChem Student Symposium<\/a>, 06.07.2023 &#8211; 07.07.2023, Vienna (Austria)<\/p>\n\n\n\n<p>2. Elizaveta Gangrskaia, Lujia Zhou, Valentina Shumakova, Alessandra Bellissimo, Hongtao Hu, Edgar Kaksis, Lorenz Gr\u00fcnewald, Sebastian Mai, Andrius Baltu\u0161ka, Audrius Pug\u017elys: &#8220;<strong>Generation of Tunable Narrowband Azimuthally Polarized Pulses for Magnetic Excitation of Eu<sup>3+<\/sup> Ions<\/strong>&#8220;, <a href=\"https:\/\/www.cleoeurope.org\/\" target=\"_blank\" rel=\"noreferrer noopener\">2023 Conference on Lasers and Electro-Optics Europe &amp; European Quantum Electronics Conference (CLEO\/Europe-EQEC)<\/a>, 26.06.2023 &#8211; 30.06.2023, , Munich (Germany)<\/p>\n\n\n\n<p>1. Lorenz Gr\u00fcnewald, Sebastian Mai: &#8220;<strong>Particle-In-Cell Simulations for Optical Magnetic Field Spectroscopy<\/strong>&#8220;, <a href=\"https:\/\/doschem.univie.ac.at\/activities\/panel-a-retreat-2022\/\" target=\"_blank\" rel=\"noreferrer noopener\">Panel A DosChem 2022 Retreat<\/a>, 30.05.2022 &#8211; 02.06.2022, Bad Waltersdorf (Austria)<\/p>\n\n\n\n<h2 class=\"wp-block-heading\">Posters<\/h2>\n\n\n\n<p>27. L. Gr\u00fcnewald, S. Mai: &#8220;<strong>An Excitation Strategy for the Initial Condition Generation for Surface Hopping Trajectories using Electron-only Dynamics including Explicit Laser Pulses<\/strong>&#8220;, <a href=\"https:\/\/doschem.univie.ac.at\/activities\/doschem-symposia\/5th-doschem-symposium-2025\/\" target=\"_blank\" rel=\"noreferrer noopener\">5th DoSChem International Student Symposium 2025<\/a>, 25.09.2025-26.09.2025, Vienna (Austria)<\/p>\n\n\n\n<p>26. Hongtao Hu, Sebastian Mai, Peng Peng, Andrius Baltu\u0161ka, Xinhua Xie: <strong>&#8220;Electron Orbital Angular Momentum<br>Polarization in Neutral Atom&#8221;<\/strong>, <a href=\"https:\/\/attox.se\/\">10<sup>th<\/sup>&nbsp;International Conference on Attosecond Science and Technology<\/a>, 06.07.2025-11.07.2025, Lund (Sweden).<\/p>\n\n\n\n<p>25. L. Gr\u00fcnewald, S. Mai: &#8220;<strong>An Excitation Strategy for Surface Hopping Employing Explicit Laser Pulses<\/strong>&#8220;,<br><a href=\"https:\/\/www.watoc2025.no\/\" target=\"_blank\" rel=\"noreferrer noopener\">13th Triennial Congress of the World Association of Theoretical and Computational Chemists (WATOC25)<\/a>, 22.06.2025-27.06.2025, Oslo (Norway).<\/p>\n\n\n\n<p>24. L. Gr\u00fcnewald, S. Mai: &#8220;<strong>Refining Initial Condition Preparation for Surface Hopping by Including Explicit Laser Pulses<\/strong>&#8220;, <a href=\"https:\/\/molcas2025.de\/\" target=\"_blank\" rel=\"noreferrer noopener\">13th OpenMolcas Developers\u2019 Workshop<\/a>, 11.06.2025-13.06.2025, Munich (Germany).<\/p>\n\n\n\n<p>23. Lorenz Gr\u00fcnewald, Sebastian Mai: &#8220;<strong><strong><strong>I&#8217;m so excited, theory can&#8217;t hide it! A New Excitation Strategy Employing Explicit Laser Pulses in SHARC<\/strong><\/strong><\/strong>&#8220;, <a href=\"https:\/\/www.istcp2024.com\/web\/index.html\" target=\"_blank\" rel=\"noreferrer noopener\">Panel A DoSChem 2025 Retreat<\/a>, 05.03.2025-07.03.2025, Hannersberg&nbsp;(Austria).<\/p>\n\n\n\n<p>22. Lorenz Gr\u00fcnewald, Sebastian Mai: &#8220;<strong><strong><strong>Coupling Simulations of Spatiotemporal Electromagnetic Fields with Simulations of Ultrafast Photoinduced Dynamics<\/strong><\/strong><\/strong>&#8220;, <a href=\"https:\/\/www.istcp2024.com\/web\/index.html\" target=\"_blank\" rel=\"noreferrer noopener\">11th Triennial Congress of the International Society for Theoretical Chemical Physics (ISTCP 2024)<\/a>, 13.10.2024 &#8211; 18.10.2024, Qingdao&nbsp;(China).<\/p>\n\n\n\n<p>21. Rahul Kumar Jingar, Sebastian Mai: &#8220;<strong><strong>Accurate and efficient multi-reference electronics Structure calculations for Ln<sup>3+<\/sup> ions using selected spin- orbit coupling interaction<\/strong><\/strong>&#8220;, <a href=\"https:\/\/doschem.univie.ac.at\/activities\/4th-international-doschem-student-symposium-2024\/\">4th International DoSChem Student Symposium,<\/a> 12.09.2024 &#8211; 13.09.2024, Vienna (Austria).<\/p>\n\n\n\n<p>20. Lorenz Gr\u00fcnewald, Sebastian Mai: &#8220;<strong><strong>Simulations of Ultrafast Photoinduced Dynamics with Tailored Electromagnetic Fields<\/strong><\/strong>&#8220;, <a href=\"https:\/\/doschem.univie.ac.at\/activities\/4th-international-doschem-student-symposium-2024\/\">4th International DoSChem Student Symposium,<\/a> 12.09.2024 &#8211; 13.09.2024, Vienna (Austria).<\/p>\n\n\n\n<p>19. Elizaveta Gangrskaia, Alessandra Bellissimo, Valentina Shumakova, Sarah Pulikottil Alex, Ign\u00e1c Bug\u00e1r,\u00a0Lorenz\u00a0Gr\u00fcnewald, Sebastian Mai, Thomas Schachinger, Dariusz Pysz, Ryszard Buczy\u0144ski, Andrius Baltu\u0161ka, Audrius Pug\u017elys: <strong>&#8220;Generation of Ultrafast Magnetic Fields with Spectrally Tunable Vector Beams for Magneto-Optical Spectroscopy of Eu<sup>3+<\/sup> ions&#8221;<\/strong>, <a href=\"https:\/\/www.up2024.org\/\">The 23rd Ultrafast Phenomena conference<\/a>, 14.07.2024 &#8211; 19.07.2024., Barcelona (Spain).<\/p>\n\n\n\n<p>18. Rahul Kumar Jingar, Sebastian Mai: &#8220;<strong><strong>Accurate and efficient multi-reference electronic structure calculations with spin-orbit couplings for lanthanide ions<\/strong><\/strong>&#8220;, <a href=\"https:\/\/congressos.urv.cat\/espa-2024\/\">13th Congress on Electronic Structure: Principles and Applications (ESPA 2024)<\/a> 03.06.2024 &#8211; 07.06.2024, Tarragona (Spain).<\/p>\n\n\n\n<p>17. Elizaveta Gangrskaia, Rokas Jutas, Alessandra Bellissimo, Valentina Shumakova, Sarah Pulikottil Alex, Ign\u00e1c Bug\u00e1r,&nbsp;Lorenz&nbsp;Gr\u00fcnewald, Sebastian Mai, Thomas Schachinger, Dariusz Pysz, Ryszard Buczy\u0144ski, Andrius Baltu\u0161ka, Audrius Pug\u017elys: <strong>&#8220;<a href=\"https:\/\/opg.optica.org\/abstract.cfm?uri=cleo_si-2024-JTu2A.132&amp;origin=search\">Spatially and Spectrally Selective Excitation of Magnetic Dipole Transitions in Eu3+ Doped Yttrium Oxide<\/a>&#8220;<\/strong>, CLEO 2024: Conference on Lasers and Electro-Optics, 05.05.2024-10.05.2024, North Carolina (United States).<\/p>\n\n\n\n<p>16. Elizaveta Gangrskaia, Alessandra Bellissimo, Valentina Shumakova, Sarah Pulikottil Alex, Ign\u00e1c Bug\u00e1r,&nbsp;Lorenz&nbsp;Gr\u00fcnewald, Sebastian Mai, Thomas Schachinger, Dariusz Pysz, Ryszard Buczy\u0144ski, Andrius Baltu\u0161ka, and Audrius Pug\u017elys:<strong> &#8220;<a href=\"https:\/\/opg.optica.org\/abstract.cfm?uri=hilas-2024-JTu4A.3\">Spectrally Selective Excitation of Electric Dipole and Magnetic Dipole Transitions in Eu3+Y2O3 Nanostructures<\/a>&#8220;<\/strong>, High Intensity Lasers and High Field Phenomena 2024, 12.03.-14.03 2024,&nbsp;Vienna (Austria).<\/p>\n\n\n\n<p>15. Lorenz Gr\u00fcnewald, Sebastian Mai: &#8220;<strong>Non-adiabatic Molecular Dynamics Coupled to External Electromagnetic Field Simulations<\/strong>&#8220;, <a href=\"https:\/\/virapid2024.univie.ac.at\/\" target=\"_blank\" rel=\"noreferrer noopener\">1st ViRAPID W<\/a><a href=\"https:\/\/attoyss2023.github.io\/\" target=\"_blank\" rel=\"noreferrer noopener\"><\/a><a href=\"https:\/\/virapid2024.univie.ac.at\/\" target=\"_blank\" rel=\"noreferrer noopener\">orkshop<\/a>, 26.02.2024 &#8211; 29.02.2024, Vienna (Austria).<\/p>\n\n\n\n<p>14. Lorenz Gr\u00fcnewald, Sebastian Mai: &#8220;<strong>Sharc Can Now Wield Lasers! Pioneering Multiscale Molecular Dynamics Coupled to Simulations of Electromagnetic FieldsMagnetic-only Optical Spectroscopy with Ultrafast Laser Pulses<\/strong>&#8220;, Panel A DoSChem 2024 Retreat, 19.02.2024 &#8211; 21.02.2024, Szid\u00f3nia castle (Hungary).<\/p>\n\n\n\n<p>13. Elizaveta Gangrskaia, Lujia Zhou, Valentina Shumakova, Alessandra Bellissimo, Hongtao Hu, Edgar Kaksis, Lorenz Gr\u00fcnewald, Sebastian Mai, Andrius Baltu\u0161ka, Audrius Pug\u017elys: &#8220;<strong>Generation of Isolated Strong Transient Magnetic Fields for Magneto-Optical Spectroscopy<\/strong>&#8220;, <a href=\"https:\/\/attoyss2023.github.io\/\" target=\"_blank\" rel=\"noreferrer noopener\">AttoChem Young Scientist Symposium 2023<\/a>, 13.09.2023 &#8211; 15.09.2023, Vienna (Austria).<\/p>\n\n\n\n<p>12. Lorenz Gr\u00fcnewald, Rodrigo Mart\u00edn-Hern\u00e1ndez, Elizaveta Gangrskaia, Alessandra Bellissimo, Carlos Hern\u00e1ndez-Garc\u00eda, Sebastian Mai: &#8220;<strong>Magnetic-only Optical Spectroscopy with Ultrafast Laser Pulses<\/strong>&#8220;, <a href=\"https:\/\/attoyss2023.github.io\/\" target=\"_blank\" rel=\"noreferrer noopener\">AttoChem Young Scientist Symposium 2023<\/a>, 13.09.2023 &#8211; 15.09.2023, Vienna (Austria).<\/p>\n\n\n\n<p>11. Rahul Kumar Jingar, Sebastian Mai: &#8220;<strong>Computing Energies with Minimal Effort (for the Computer)<\/strong>&#8220;, <a href=\"https:\/\/doschem.univie.ac.at\/activities\/doschem-symposia\/3rd-doschem-symposium-2023\/\" target=\"_blank\" rel=\"noreferrer noopener\">3rd International DoSChem Student Symposium<\/a>, 06.07.2023 &#8211; 07.07.2023, Vienna (Austria).<\/p>\n\n\n\n<p>10. Rahul Kumar Jingar, Sebastian Mai: &#8220;<strong>Efficient and accurate relativistic ab initio calculations of electric and magnetic dipole transitions in Eu<sup>3+<\/sup> complexes<\/strong>&#8220;, <a href=\"https:\/\/icqc2023.org\/\" target=\"_blank\" rel=\"noreferrer noopener\">17th International Congress of Quantum Chemistry<\/a>, 26.06.2023 &#8211; 01.07.2023, Bratislava (Slovakia).<\/p>\n\n\n\n<p>9. Elizaveta Gangrskaia, Lujia Zhou, Valentina Shumakova, Alessandra Bellissimo, Hongtao Hu, Edgar Kaksis, Lorenz Gr\u00fcnewald, Sebastian Mai, Andrius Baltu\u0161ka, Audrius Pug\u017elys: &#8220;<strong>Generation of Isolated Strong Transient Magnetic Fields for Magneto-Optical Spectroscopy<\/strong>&#8220;, <a href=\"https:\/\/magnetism.eu\/224-2023-school.htm\" target=\"_blank\" rel=\"noreferrer noopener\">European School on Magnetism 2023<\/a> , 04.09.2023 &#8211; 15.09.2023, (Online)<\/p>\n\n\n\n<p>8. Lorenz Gr\u00fcnewald, Rodrigo Mart\u00edn-Hern\u00e1ndez, Elizaveta Gangrskaia, Valentina Shumakova, Carlos Hern\u00e1ndez-Garc\u00eda, Sebastian Mai: &#8220;<strong>Particle-in-cell simulations of Ultrashort Optical Laser Pulses for Magnetic Field Enhancement and Electric Field Suppression<\/strong>&#8220;, <a href=\"https:\/\/www.cleoeurope.org\/\" target=\"_blank\" rel=\"noreferrer noopener\">World of Photonics Congress 2023 &#8211; CLEO\u00ae\/Europe-EQEC 2023<\/a>, 26.06.2023 &#8211; 30.06.2023, Munich (Germany).<\/p>\n\n\n\n<p>7. Rahul Kumar Jingar, Sebastian Mai: &#8220;<strong>Low Budget, High Accuracy Computation of Energy Levels for Eu<sup>3+<\/sup> Ions<\/strong>&#8220;, <a href=\"https:\/\/eventi.unibo.it\/openmolcas-workshop-2023\" target=\"_blank\" rel=\"noreferrer noopener\">The 11th OpenMolcas Developer&#8217;s Workshop<\/a>, 14.06.2023 &#8211; 16.06.2023, Bologna (Italy).<\/p>\n\n\n\n<p>6. Lorenz Gr\u00fcnewald, Rodrigo Mart\u00edn-Hern\u00e1ndez, Elizavetea Gangrskaia, Carlos Hern\u00e1ndez-Garc\u00eda, Sebastian Mai: &#8220;<strong>Simulations of Magnetic Field Enhancement and Electric Field Suppression with Nano-sized Metal Apertures<\/strong>&#8220;, Panel A DoSChem 2023 Retreat, 20.03.2023 &#8211; 22.03.2023, Zeillern (Austria).<\/p>\n\n\n\n<p>5. Rahul Kumar Jingar, Sebastian Mai: &#8220;<strong>Spin-Orbit Coupling in Europium (III) Ions Treated with Selective Quasi-Degenerate Perturbation Theory<\/strong>&#8220;,<br>Panel A DoSChem 2023 Retreat, 20.03.2023 &#8211; 22.03.2023, Zeillern (Austria).<\/p>\n\n\n\n<p>4. Lorenz Gr\u00fcnewald, Rodrigo Mart\u00edn-Hern\u00e1ndez, Elizaveta Gangrskaia, Valentina Shumakova, Carlos Hern\u00e1ndez-Garc\u00eda, Sebastian Mai: &#8220;<strong>Simulations of Magnetic Field Enhancement and Electric Field Suppression in Ultrashort Optical Laser Pulses<\/strong>&#8220;<br><a rel=\"noreferrer noopener\" href=\"https:\/\/www.dpg-physik.de\/veranstaltungen\/2023\/dpg-fruehjahrstagung-samop\" target=\"_blank\">DPG-Fr\u00fchjahrstagung der Sektion Atome, Molek\u00fcle, Quantenoptik und Photonik (SAMOP)<\/a>, 05.03.2023 &#8211; 10.03.2023, Hannover (Germany).<\/p>\n\n\n\n<p>3. Rahul Kumar Jingar, Sebastian Mai: &#8220;<strong>Accurate description of electric and magnetic dipole transitions in Eu<sup>3+<\/sup> ions using multi-reference electronic structure calculations with spin-orbit couplings<\/strong>&#8220;, 58th Symposium on Theoretical Chemistry, 18.09.-22.09.2022, Heidelberg (Germany).<\/p>\n\n\n\n<p>2. Lorenz Gr\u00fcnewald, Elizaveta Gangrskaia, Valentina Shumakova, Sebastian Mai: &#8220;<strong>Particle-in-cell simulations for optical magnetic field spectroscopy<\/strong>&#8220;, 58th Symposium on Theoretical Chemistry, 18.09.-22.09.2022, Heidelberg (Germany).<\/p>\n\n\n\n<p>1. Elizaveta Gangrskaia, Valentina Shumakova, Rokas Jutas, Claudia Gollner, Andrius Baltu\u0161ka, Audrius Pugzlys: &#8220;<strong>Time-resolved, state-selective spectroscopy of laser-ignited plasma in atmosphere<\/strong>&#8220;, Summer school &#8220;Spectroscopy and Atmosphere: Measurements and Modelling&#8221; (SPECATMOS), 15.5.-20.5.2022, Fr\u00e9jus (France).<\/p>\n","protected":false},"excerpt":{"rendered":"<p>Journal articles, proceedings, and preprints 15. Hongtao Hu, Sebastian Mai, Peng Peng, Andrius Baltu\u0161ka, Xinhua Xie: &#8220;Electron Orbital Angular Momentum Polarization in Neutral Atoms&#8221;, https:\/\/doi.org\/10.48550\/arXiv.2507.02499 (2025). 14. Elizaveta Gangrskaia, Alessandra Bellissimo, Christoph Eisenmenger-Sittner, Thomas\u00a0Schachinger, Hongtao Hu, Andrius Baltu\u0161ka, Audrius Pug\u017elys: &#8220;Accessing Optical Magnetic Dipole Transitions in Eu3+ ions by Manipulating Light Properties and Sample Morphology&#8221;, [&hellip;]<\/p>\n","protected":false},"author":2,"featured_media":0,"parent":0,"menu_order":0,"comment_status":"closed","ping_status":"closed","template":"","meta":{"footnotes":""},"class_list":["post-17","page","type-page","status-publish","hentry"],"_links":{"self":[{"href":"https:\/\/www.istomps.org\/index.php?rest_route=\/wp\/v2\/pages\/17","targetHints":{"allow":["GET"]}}],"collection":[{"href":"https:\/\/www.istomps.org\/index.php?rest_route=\/wp\/v2\/pages"}],"about":[{"href":"https:\/\/www.istomps.org\/index.php?rest_route=\/wp\/v2\/types\/page"}],"author":[{"embeddable":true,"href":"https:\/\/www.istomps.org\/index.php?rest_route=\/wp\/v2\/users\/2"}],"replies":[{"embeddable":true,"href":"https:\/\/www.istomps.org\/index.php?rest_route=%2Fwp%2Fv2%2Fcomments&post=17"}],"version-history":[{"count":36,"href":"https:\/\/www.istomps.org\/index.php?rest_route=\/wp\/v2\/pages\/17\/revisions"}],"predecessor-version":[{"id":680,"href":"https:\/\/www.istomps.org\/index.php?rest_route=\/wp\/v2\/pages\/17\/revisions\/680"}],"wp:attachment":[{"href":"https:\/\/www.istomps.org\/index.php?rest_route=%2Fwp%2Fv2%2Fmedia&parent=17"}],"curies":[{"name":"wp","href":"https:\/\/api.w.org\/{rel}","templated":true}]}}