{"id":13,"date":"2021-08-18T10:53:38","date_gmt":"2021-08-18T10:53:38","guid":{"rendered":"https:\/\/www.istomps.org\/?page_id=13"},"modified":"2022-02-22T09:41:36","modified_gmt":"2022-02-22T09:41:36","slug":"about","status":"publish","type":"page","link":"https:\/\/www.istomps.org\/?page_id=13","title":{"rendered":"About"},"content":{"rendered":"\n<p>Contact:<br>Dr. Sebastian Mai<br>Universit\u00e4t Wien<br>Institut f\u00fcr Theoretische Chemie<br>W\u00e4hringer Stra\u00dfe 17, A-1090 Wien<\/p>\n\n\n\n<p>Email: sebastian(at)univie.ac.at<\/p>\n\n\n\n<p>Imprint: <a href=\"https:\/\/www.univie.ac.at\/en\/imprint\/\" target=\"_blank\" rel=\"noreferrer noopener\">https:\/\/www.univie.ac.at\/en\/imprint\/<\/a><\/p>\n","protected":false},"excerpt":{"rendered":"<p>Contact:Dr. Sebastian MaiUniversit\u00e4t WienInstitut f\u00fcr Theoretische ChemieW\u00e4hringer Stra\u00dfe 17, A-1090 Wien Email: sebastian(at)univie.ac.at Imprint: https:\/\/www.univie.ac.at\/en\/imprint\/<\/p>\n","protected":false},"author":2,"featured_media":0,"parent":0,"menu_order":0,"comment_status":"closed","ping_status":"closed","template":"","meta":{"footnotes":""},"class_list":["post-13","page","type-page","status-publish","hentry"],"_links":{"self":[{"href":"https:\/\/www.istomps.org\/index.php?rest_route=\/wp\/v2\/pages\/13","targetHints":{"allow":["GET"]}}],"collection":[{"href":"https:\/\/www.istomps.org\/index.php?rest_route=\/wp\/v2\/pages"}],"about":[{"href":"https:\/\/www.istomps.org\/index.php?rest_route=\/wp\/v2\/types\/page"}],"author":[{"embeddable":true,"href":"https:\/\/www.istomps.org\/index.php?rest_route=\/wp\/v2\/users\/2"}],"replies":[{"embeddable":true,"href":"https:\/\/www.istomps.org\/index.php?rest_route=%2Fwp%2Fv2%2Fcomments&post=13"}],"version-history":[{"count":2,"href":"https:\/\/www.istomps.org\/index.php?rest_route=\/wp\/v2\/pages\/13\/revisions"}],"predecessor-version":[{"id":137,"href":"https:\/\/www.istomps.org\/index.php?rest_route=\/wp\/v2\/pages\/13\/revisions\/137"}],"wp:attachment":[{"href":"https:\/\/www.istomps.org\/index.php?rest_route=%2Fwp%2Fv2%2Fmedia&parent=13"}],"curies":[{"name":"wp","href":"https:\/\/api.w.org\/{rel}","templated":true}]}}